{"id":15054,"date":"2025-10-20T21:42:28","date_gmt":"2025-10-21T04:42:28","guid":{"rendered":"https:\/\/thucjewelry.com\/?post_type=product&#038;p=15054"},"modified":"2025-11-27T20:01:32","modified_gmt":"2025-11-28T03:01:32","slug":"vong-tay-nail-vang-18k-lay-cam-hung-tu-cartier-juste-un-clou-thuc-jewelry-2","status":"publish","type":"product","link":"https:\/\/thucjewelry.com\/index.php\/product\/vong-tay-nail-vang-18k-lay-cam-hung-tu-cartier-juste-un-clou-thuc-jewelry-2\/","title":{"rendered":"V\u00f2ng Tay Nail V\u00e0ng 18K \u2013 L\u1ea5y C\u1ea3m H\u1ee9ng T\u1eeb Cartier Juste un Clou | Th\u1ee5c Jewelry"},"content":{"rendered":"<h2 data-start=\"251\" data-end=\"335\"><em>\ud83d\udc8e <strong data-start=\"257\" data-end=\"335\">V\u00f2ng Tay Nail \u2013 Bi\u1ec3u T\u01b0\u1ee3ng C\u1ee7a S\u1ee9c H\u00fat Thanh L\u1ecbch &amp; C\u00e1 T\u00ednh | Th\u1ee5c Jewelry<\/strong><\/em><\/h2>\n<p data-start=\"337\" data-end=\"362\"><strong data-start=\"337\" data-end=\"360\">Th\u00f4ng tin s\u1ea3n ph\u1ea9m:<\/strong><\/p>\n<ul data-start=\"363\" data-end=\"666\">\n<li data-start=\"363\" data-end=\"393\">\n<p data-start=\"365\" data-end=\"393\"><strong data-start=\"365\" data-end=\"385\">Kh\u1ed1i l\u01b0\u1ee3ng v\u00e0ng:<\/strong> 31.3g<\/p>\n<\/li>\n<li data-start=\"394\" data-end=\"453\">\n<p data-start=\"396\" data-end=\"453\"><strong data-start=\"396\" data-end=\"407\">\u0110\u00e1 ch\u1ee7:<\/strong> 0.59ct (32 vi\u00ean kim c<\/p>\n<\/li>\n<li data-start=\"394\" data-end=\"453\">\n<p data-start=\"396\" data-end=\"453\">\u01b0\u01a1ng nh\u00e2n t\u1ea1o cao c\u1ea5p)<\/p>\n<\/li>\n<li data-start=\"454\" data-end=\"545\">\n<p data-start=\"456\" data-end=\"545\"><strong data-start=\"456\" data-end=\"470\">Ch\u1ea5t li\u1ec7u:<\/strong> T\u00f9y ch\u1ecdn <strong data-start=\"480\" data-end=\"522\">v\u00e0ng h\u1ed3ng \/ v\u00e0ng tr\u1eafng \/ v\u00e0ng v\u00e0ng 18K<\/strong> ho\u1eb7c <strong data-start=\"528\" data-end=\"543\">b\u1ea1c cao c\u1ea5p<\/strong><\/p>\n<\/li>\n<li data-start=\"546\" data-end=\"613\">\n<p data-start=\"548\" data-end=\"613\"><strong data-start=\"548\" data-end=\"562\">Ki\u1ec3u d\u00e1ng:<\/strong> Nail Design \u2013 L\u1ea5y c\u1ea3m h\u1ee9ng t\u1eeb bi\u1ec3u t\u01b0\u1ee3ng Cartier<\/p>\n<\/li>\n<li data-start=\"614\" data-end=\"666\">\n<p data-start=\"616\" data-end=\"666\"><strong data-start=\"616\" data-end=\"631\">K\u00edch th\u01b0\u1edbc:<\/strong> T\u00f9y ch\u1ec9nh theo c\u1ed5 tay k<\/p>\n<\/li>\n<li data-start=\"614\" data-end=\"666\">\n<p data-start=\"616\" data-end=\"666\">h\u00e1ch h\u00e0ng<\/p>\n<\/li>\n<\/ul>\n<hr data-start=\"668\" data-end=\"671\" \/>\n<p data-start=\"673\" data-end=\"1019\">\ud83d\udcab <strong data-start=\"676\" data-end=\"695\">M\u00f4 t\u1ea3 s\u1ea3n ph\u1ea9m:<\/strong><br data-start=\"695\" data-end=\"698\" \/>L\u1ea5y c\u1ea3m h\u1ee9ng t\u1eeb tinh th\u1ea7n t\u00e1o b\u1ea1o v\u00e0 s\u00e1ng t\u1ea1o c\u1ee7a bi\u1ec3u t\u01b0\u1ee3ng Cartier, chi\u1ebfc <strong data-start=\"774\" data-end=\"791\">V\u00f2ng Tay Nail<\/strong> l\u00e0 minh ch\u1ee9ng cho s\u1ef1 k\u1ebft h\u1ee3p ho\u00e0n h\u1ea3o gi\u1eefa <strong data-start=\"835\" data-end=\"856\">thi\u1ebft k\u1ebf hi\u1ec7n \u0111\u1ea1i<\/strong> v\u00e0 <strong data-start=\"860\" data-end=\"891\">ngh\u1ec7 thu\u1eadt ch\u1ebf t\u00e1c tinh x\u1ea3o<\/strong>.<br data-start=\"892\" data-end=\"895\" \/>V\u1edbi h\u00ecnh d\u00e1ng chi\u1ebfc <strong data-start=\"915\" data-end=\"940\">\u0111inh u\u1ed1n cong m\u1ec1m m\u1ea1i<\/strong>, s\u1ea3n ph\u1ea9m th\u1ec3 hi\u1ec7n <strong data-start=\"960\" data-end=\"1002\">s\u1ee9c m\u1ea1nh, c\u00e1 t\u00ednh v\u00e0 v\u1ebb \u0111\u1eb9p thanh l\u1ecbch<\/strong> c\u1ee7a ng\u01b0\u1eddi \u0111eo.<\/p>\n<p data-start=\"1021\" data-end=\"1365\">\ud83d\udc8e M\u1ed7i vi\u00ean <strong data-start=\"1033\" data-end=\"1055\">kim c\u01b0\u01a1ng nh\u00e2n t\u1ea1o<\/strong> \u0111\u01b0\u1ee3c ch\u1ecdn l\u1ecdc k\u1ef9 l\u01b0\u1ee1ng, g\u1eafn k\u1ebft ho\u00e0n h\u1ea3o tr\u00ean b\u1ec1 m\u1eb7t v\u00e0ng 18K, mang l\u1ea1i <strong data-start=\"1128\" data-end=\"1177\">\u0111\u1ed9 s\u00e1ng l\u1ea5p l\u00e1nh v\u00e0 sang tr\u1ecdng v\u01b0\u1ee3t th\u1eddi gian<\/strong>.<br data-start=\"1178\" data-end=\"1181\" \/>\u0110\u1eb7c bi\u1ec7t, v\u00f2ng tay c\u00f3 th\u1ec3 <strong data-start=\"1207\" data-end=\"1230\">t\u00f9y ch\u1ec9nh ch\u1ea5t li\u1ec7u<\/strong> \u2013 t\u1eeb <strong data-start=\"1236\" data-end=\"1274\">v<\/strong><strong data-start=\"1236\" data-end=\"1274\">\u00e0ng h\u1ed3ng, v\u00e0ng tr\u1eafng, b\u1ea1c cao c\u1ea5p<\/strong> \u0111\u1ebfn <strong data-start=\"1279\" data-end=\"1310\">thi\u1ebft k\u1ebf ri\u00eang theo y\u00eau c\u1ea7u<\/strong>, gi\u00fap b\u1ea1n th\u1ec3 hi\u1ec7n <strong data-start=\"1330\" data-end=\"1353\">phong c\u00e1ch \u0111\u1ed9c nh\u1ea5t<\/strong> c\u1ee7a m\u00ecnh.<\/p>\n<hr data-start=\"1367\" data-end=\"1370\" \/>\n<p data-start=\"1372\" data-end=\"1392\">\ud83c\udf81 <strong data-start=\"1375\" data-end=\"1390\">Ph\u00f9 h\u1ee3p \u0111\u1ec3:<\/strong><\/p>\n<ul data-start=\"1393\" data-end=\"1552\">\n<li data-start=\"1393\" data-end=\"1442\">\n<p data-start=\"1395\" data-end=\"1442\">L\u00e0m qu\u00e0 t\u1eb7ng k\u1ef7 ni\u1ec7m, sinh nh\u1eadt, l\u1ec5 t\u00ecnh nh\u00e2n<\/p>\n<\/li>\n<li data-start=\"1443\" data-end=\"1490\">\n<p data-start=\"1445\" data-end=\"1490\">Th\u1ec3 hi\u1ec7n phong c\u00e1ch th\u1eddi th\u01b0\u1ee3ng v\u00e0 \u0111\u1eb3ng c\u1ea5p<\/p>\n<\/li>\n<li data-start=\"1491\" data-end=\"1552\">\n<p data-start=\"1493\" data-end=\"1552\">K\u1ebft h\u1ee3p tinh t\u1ebf v\u1edbi m\u1ecdi trang ph\u1ee5c t\u1eeb c\u00f4ng s\u1edf \u0111\u1ebfn d\u1ea1 ti\u1ec7c<\/p>\n<\/li>\n<\/ul>\n<hr data-start=\"1554\" data-end=\"1557\" \/>\n<p data-start=\"1559\" data-end=\"1752\">\u2728 <strong data-start=\"1561\" data-end=\"1624\">Th\u1ee5c Jewelry \u2013 Crafted with Passion, Designed for Elegance.<\/strong><br data-start=\"1624\" data-end=\"1627\" \/>\ud83d\udc49 Xem th\u00eam t\u1ea1i: <a class=\"decorated-link\" href=\"https:\/\/www.thucjewelry.com\" target=\"_new\" rel=\"noopener\" data-start=\"1644\" data-end=\"1694\">www.thucjewelry.com<\/a><br data-start=\"1694\" data-end=\"1697\" \/>\ud83d\udce9 Li\u00ean h\u1ec7 t\u01b0 v\u1ea5n: 0708 63 8399 \u2013 0938 539 983 (Zalo)<\/p>\n","protected":false},"excerpt":{"rendered":"<p>\ud83d\udc8e V\u00f2ng Tay Nail \u2013 Bi\u1ec3u T\u01b0\u1ee3ng C\u1ee7a S\u1ee9c H\u00fat Thanh L\u1ecbch &amp; C\u00e1 T\u00ednh | Th\u1ee5c Jewelry Th\u00f4ng tin s\u1ea3n ph\u1ea9m: Kh\u1ed1i l\u01b0\u1ee3ng v\u00e0ng: 31.3g \u0110\u00e1 ch\u1ee7: 0.59ct (32 vi\u00ean kim c \u01b0\u01a1ng nh\u00e2n t\u1ea1o cao c\u1ea5p) Ch\u1ea5t li\u1ec7u: T\u00f9y ch\u1ecdn v\u00e0ng h\u1ed3ng \/ v\u00e0ng tr\u1eafng \/ v\u00e0ng v\u00e0ng 18K ho\u1eb7c b\u1ea1c cao c\u1ea5p&#8230;<\/p>\n","protected":false},"featured_media":15035,"comment_status":"open","ping_status":"closed","template":"","meta":[],"product_brand":[207],"product_cat":[219],"product_tag":[],"class_list":{"0":"post-15054","1":"product","2":"type-product","3":"status-publish","4":"has-post-thumbnail","6":"product_brand-cartier","7":"product_cat-cartier","8":"goldsmith_product_brands-cartier","9":"nt-post-class","10":"","13":"excerpt-none","16":"first","17":"instock","18":"sale","19":"taxable","20":"shipping-taxable","21":"purchasable","22":"product-type-simple"},"_links":{"self":[{"href":"https:\/\/thucjewelry.com\/index.php\/wp-json\/wp\/v2\/product\/15054","targetHints":{"allow":["GET"]}}],"collection":[{"href":"https:\/\/thucjewelry.com\/index.php\/wp-json\/wp\/v2\/product"}],"about":[{"href":"https:\/\/thucjewelry.com\/index.php\/wp-json\/wp\/v2\/types\/product"}],"replies":[{"embeddable":true,"href":"https:\/\/thucjewelry.com\/index.php\/wp-json\/wp\/v2\/comments?post=15054"}],"version-history":[{"count":2,"href":"https:\/\/thucjewelry.com\/index.php\/wp-json\/wp\/v2\/product\/15054\/revisions"}],"predecessor-version":[{"id":15056,"href":"https:\/\/thucjewelry.com\/index.php\/wp-json\/wp\/v2\/product\/15054\/revisions\/15056"}],"wp:featuredmedia":[{"embeddable":true,"href":"https:\/\/thucjewelry.com\/index.php\/wp-json\/wp\/v2\/media\/15035"}],"wp:attachment":[{"href":"https:\/\/thucjewelry.com\/index.php\/wp-json\/wp\/v2\/media?parent=15054"}],"wp:term":[{"taxonomy":"product_brand","embeddable":true,"href":"https:\/\/thucjewelry.com\/index.php\/wp-json\/wp\/v2\/product_brand?post=15054"},{"taxonomy":"product_cat","embeddable":true,"href":"https:\/\/thucjewelry.com\/index.php\/wp-json\/wp\/v2\/product_cat?post=15054"},{"taxonomy":"product_tag","embeddable":true,"href":"https:\/\/thucjewelry.com\/index.php\/wp-json\/wp\/v2\/product_tag?post=15054"}],"curies":[{"name":"wp","href":"https:\/\/api.w.org\/{rel}","templated":true}]}}